{"id":98,"date":"2026-04-27T13:06:08","date_gmt":"2026-04-27T11:06:08","guid":{"rendered":"https:\/\/wu-wei.pc-clock.com\/?page_id=98"},"modified":"2026-04-27T13:06:08","modified_gmt":"2026-04-27T11:06:08","slug":"dinamicke-borilacke-vjestine","status":"publish","type":"page","link":"https:\/\/wu-wei.pc-clock.com\/?page_id=98","title":{"rendered":"Dinami\u010dke borila\u010dke vje\u0161tine"},"content":{"rendered":"\n<h2 class=\"wp-block-heading\">Djeca \/ mladi<\/h2>\n\n\n\n<p><em><strong>(Dinami\u010dne borila\u010dke vje\u0161tine \u2013 Kung Fu)<\/strong><\/em><\/p>\n\n\n\n<p><em>Slike<\/em><\/p>\n\n\n\n<h3 class=\"wp-block-heading\">Nastavni program za djecu od 12 godina<\/h3>\n\n\n\n<ul class=\"wp-block-list\">\n<li>Aktivne i dinami\u010dne forme<\/li>\n\n\n\n<li>Wu Bu Quan \u2013 osnovne tehnike u Kung Fuu<\/li>\n\n\n\n<li>Shaolin Tai Chi<\/li>\n\n\n\n<li>Xingyiquan (Kung Fu) \u2013 5 elemenata i 12 \u017eivotinjskih formi<\/li>\n\n\n\n<li>Redovita polaganja pojaseva u sustavu \u201eXing\u201c (sustav zvijezda)<\/li>\n<\/ul>\n\n\n\n<p><strong>Trena\u017eno oru\u017eje je osigurano i ne mora se kupovati!<\/strong><\/p>\n\n\n\n<h3 class=\"wp-block-heading\">Prednosti treninga za djecu i mlade<\/h3>\n\n\n\n<ul class=\"wp-block-list\">\n<li>kroz svakodnevicu prolaziti s vi\u0161e <strong>mira i fokusa<\/strong><\/li>\n\n\n\n<li>razigrano razvijati <strong>osje\u0107aj za tijelo i samopouzdanje<\/strong><\/li>\n\n\n\n<li>u\u010diti drevnu umjetnost i razvijati <strong>svjesnost (pa\u017enju)<\/strong><\/li>\n\n\n\n<li>poti\u010de koncentraciju i pa\u017enju<\/li>\n\n\n\n<li>pobolj\u0161ava dr\u017eanje tijela i koordinaciju<\/li>\n\n\n\n<li>ja\u010da samopouzdanje i unutarnji mir<\/li>\n\n\n\n<li>prenosi vrijednosti poput po\u0161tovanja, strpljenja i discipline<\/li>\n\n\n\n<li>ja\u010da imunolo\u0161ki sustav i aktivira samoisceljuju\u0107e sposobnosti<\/li>\n<\/ul>\n\n\n\n<p><strong>Po\u010detak:<\/strong> grupa te\u010daja 1 \u2013 16. rujna 2026. \/ Dom Baj\u010di\u0107<\/p>\n\n\n\n<p><strong>Cijena:<\/strong> do 18 godina 45,00 \u20ac mjese\u010dno, od 18 godina 50,00 \u20ac mjese\u010dno<\/p>\n\n\n\n<p><em>Link &#8220;Prijavi se&#8221;<\/em><\/p>\n\n\n\n<p><\/p>\n","protected":false},"excerpt":{"rendered":"<p>Djeca \/ mladi (Dinami\u010dne borila\u010dke vje\u0161tine \u2013 Kung Fu) Slike Nastavni program za djecu od 12 godina Trena\u017eno oru\u017eje je osigurano i ne mora se kupovati! Prednosti treninga za djecu i mlade Po\u010detak: grupa te\u010daja 1 \u2013 16. rujna 2026. \/ Dom Baj\u010di\u0107 Cijena: do 18 godina 45,00 \u20ac mjese\u010dno, od 18 godina 50,00 \u20ac [&hellip;]<\/p>\n","protected":false},"author":1,"featured_media":0,"parent":0,"menu_order":0,"comment_status":"closed","ping_status":"closed","template":"","meta":{"footnotes":""},"class_list":["post-98","page","type-page","status-publish","hentry"],"_links":{"self":[{"href":"https:\/\/wu-wei.pc-clock.com\/index.php?rest_route=\/wp\/v2\/pages\/98","targetHints":{"allow":["GET"]}}],"collection":[{"href":"https:\/\/wu-wei.pc-clock.com\/index.php?rest_route=\/wp\/v2\/pages"}],"about":[{"href":"https:\/\/wu-wei.pc-clock.com\/index.php?rest_route=\/wp\/v2\/types\/page"}],"author":[{"embeddable":true,"href":"https:\/\/wu-wei.pc-clock.com\/index.php?rest_route=\/wp\/v2\/users\/1"}],"replies":[{"embeddable":true,"href":"https:\/\/wu-wei.pc-clock.com\/index.php?rest_route=%2Fwp%2Fv2%2Fcomments&post=98"}],"version-history":[{"count":1,"href":"https:\/\/wu-wei.pc-clock.com\/index.php?rest_route=\/wp\/v2\/pages\/98\/revisions"}],"predecessor-version":[{"id":99,"href":"https:\/\/wu-wei.pc-clock.com\/index.php?rest_route=\/wp\/v2\/pages\/98\/revisions\/99"}],"wp:attachment":[{"href":"https:\/\/wu-wei.pc-clock.com\/index.php?rest_route=%2Fwp%2Fv2%2Fmedia&parent=98"}],"curies":[{"name":"wp","href":"https:\/\/api.w.org\/{rel}","templated":true}]}}