{"id":151,"date":"2026-04-28T17:18:44","date_gmt":"2026-04-28T15:18:44","guid":{"rendered":"https:\/\/wu-wei.pc-clock.com\/?page_id=151"},"modified":"2026-04-28T17:18:44","modified_gmt":"2026-04-28T15:18:44","slug":"polaganja-pojaseva-prvo-polugodiste-2026","status":"publish","type":"page","link":"https:\/\/wu-wei.pc-clock.com\/?page_id=151","title":{"rendered":"Polaganja pojaseva \u2013 prvo polugodi\u0161te 2026"},"content":{"rendered":"\n<p>\u017duti pojas Wu Wei sustav: <strong>08.04.2025.<\/strong><br><strong><em>Link &#8220;Prijavi se&#8221;<\/em><\/strong><\/p>\n\n\n\n<p>\u017duti pojas Wu Wei sustav: <strong>20.05.2025.<\/strong><br><strong><em>Link &#8220;Prijavi se&#8221;<\/em><\/strong><\/p>\n\n\n\n<p>\u017duti pojas Wu Wei sustav: <strong>10.06.2025.<\/strong><br><strong><em>Link &#8220;Prijavi se&#8221;<\/em><\/strong><\/p>\n","protected":false},"excerpt":{"rendered":"<p>\u017duti pojas Wu Wei sustav: 08.04.2025.Link &#8220;Prijavi se&#8221; \u017duti pojas Wu Wei sustav: 20.05.2025.Link &#8220;Prijavi se&#8221; \u017duti pojas Wu Wei sustav: 10.06.2025.Link &#8220;Prijavi se&#8221;<\/p>\n","protected":false},"author":1,"featured_media":0,"parent":0,"menu_order":0,"comment_status":"closed","ping_status":"closed","template":"","meta":{"footnotes":""},"class_list":["post-151","page","type-page","status-publish","hentry"],"_links":{"self":[{"href":"https:\/\/wu-wei.pc-clock.com\/index.php?rest_route=\/wp\/v2\/pages\/151","targetHints":{"allow":["GET"]}}],"collection":[{"href":"https:\/\/wu-wei.pc-clock.com\/index.php?rest_route=\/wp\/v2\/pages"}],"about":[{"href":"https:\/\/wu-wei.pc-clock.com\/index.php?rest_route=\/wp\/v2\/types\/page"}],"author":[{"embeddable":true,"href":"https:\/\/wu-wei.pc-clock.com\/index.php?rest_route=\/wp\/v2\/users\/1"}],"replies":[{"embeddable":true,"href":"https:\/\/wu-wei.pc-clock.com\/index.php?rest_route=%2Fwp%2Fv2%2Fcomments&post=151"}],"version-history":[{"count":1,"href":"https:\/\/wu-wei.pc-clock.com\/index.php?rest_route=\/wp\/v2\/pages\/151\/revisions"}],"predecessor-version":[{"id":152,"href":"https:\/\/wu-wei.pc-clock.com\/index.php?rest_route=\/wp\/v2\/pages\/151\/revisions\/152"}],"wp:attachment":[{"href":"https:\/\/wu-wei.pc-clock.com\/index.php?rest_route=%2Fwp%2Fv2%2Fmedia&parent=151"}],"curies":[{"name":"wp","href":"https:\/\/api.w.org\/{rel}","templated":true}]}}