{"id":143,"date":"2026-04-28T16:48:11","date_gmt":"2026-04-28T14:48:11","guid":{"rendered":"https:\/\/wu-wei.pc-clock.com\/?page_id=143"},"modified":"2026-04-28T17:14:52","modified_gmt":"2026-04-28T15:14:52","slug":"ljetni-kamp","status":"publish","type":"page","link":"https:\/\/wu-wei.pc-clock.com\/?page_id=143","title":{"rendered":"Ljetni kamp"},"content":{"rendered":"    <div class=\"wwhr-post-list\">\n            <article class=\"wwhr-post-card\">\n\n            \n            <div class=\"wwhr-post-body\">\n                \n                <h3 class=\"wwhr-post-title\">\n                                            <a href=\"https:\/\/wu-wei.pc-clock.com\/?p=149\">Wu Wei Aktiv ljetni kamp 2027<\/a>\n                                    <\/h3>\n\n                <div class=\"wwhr-post-excerpt\">\n                    <p>(Dinami\u010dne borila\u010dke vje\u0161tine \u2013 Kung Fu) Od 2027. godine na\u0161 Wu Wei Aktiv ljetni kamp dostupan je za djecu od 12 godina i mlade do 18 godina na turisti\u010dkom otoku Krku. Ako se u navedenom razdoblju nalazite ovdje ili u neposrednoj blizini otoka Krka, tada su va\u0161i najmiliji na pravom mjestu. Nudimo 7 nezaboravnih dana [&hellip;]<\/p>\n                <\/div>\n\n                                    <a href=\"https:\/\/wu-wei.pc-clock.com\/?p=149\" class=\"wwhr-readmore\">\n                        \u010citaj vi\u0161e <i class=\"fa-solid fa-arrow-right\"><\/i>\n                    <\/a>\n                            <\/div>\n\n        <\/article>\n            <article class=\"wwhr-post-card\">\n\n            \n            <div class=\"wwhr-post-body\">\n                \n                <h3 class=\"wwhr-post-title\">\n                                            <a href=\"https:\/\/wu-wei.pc-clock.com\/?p=145\">Wu Wei Aktiv ljetni kamp 2027<\/a>\n                                    <\/h3>\n\n                <div class=\"wwhr-post-excerpt\">\n                    <p>(Dinami\u010dne borila\u010dke vje\u0161tine \u2013 Kung Fu) Od 2027. godine nudimo Wu Wei Aktiv ljetni kamp za djecu od 12 godina i mlade do 18 godina na turisti\u010dkom otoku Krku. Ako se u navedenom razdoblju nalazite na Krku ili u njegovoj neposrednoj blizini, va\u0161a djeca su na pravom mjestu. Nudimo 7 nezaboravnih dana punih aktivnosti u [&hellip;]<\/p>\n                <\/div>\n\n                                    <a href=\"https:\/\/wu-wei.pc-clock.com\/?p=145\" class=\"wwhr-readmore\">\n                        \u010citaj vi\u0161e <i class=\"fa-solid fa-arrow-right\"><\/i>\n                    <\/a>\n                            <\/div>\n\n        <\/article>\n        <\/div>\n    \n","protected":false},"excerpt":{"rendered":"","protected":false},"author":1,"featured_media":0,"parent":0,"menu_order":0,"comment_status":"closed","ping_status":"closed","template":"","meta":{"footnotes":""},"class_list":["post-143","page","type-page","status-publish","hentry"],"_links":{"self":[{"href":"https:\/\/wu-wei.pc-clock.com\/index.php?rest_route=\/wp\/v2\/pages\/143","targetHints":{"allow":["GET"]}}],"collection":[{"href":"https:\/\/wu-wei.pc-clock.com\/index.php?rest_route=\/wp\/v2\/pages"}],"about":[{"href":"https:\/\/wu-wei.pc-clock.com\/index.php?rest_route=\/wp\/v2\/types\/page"}],"author":[{"embeddable":true,"href":"https:\/\/wu-wei.pc-clock.com\/index.php?rest_route=\/wp\/v2\/users\/1"}],"replies":[{"embeddable":true,"href":"https:\/\/wu-wei.pc-clock.com\/index.php?rest_route=%2Fwp%2Fv2%2Fcomments&post=143"}],"version-history":[{"count":2,"href":"https:\/\/wu-wei.pc-clock.com\/index.php?rest_route=\/wp\/v2\/pages\/143\/revisions"}],"predecessor-version":[{"id":148,"href":"https:\/\/wu-wei.pc-clock.com\/index.php?rest_route=\/wp\/v2\/pages\/143\/revisions\/148"}],"wp:attachment":[{"href":"https:\/\/wu-wei.pc-clock.com\/index.php?rest_route=%2Fwp%2Fv2%2Fmedia&parent=143"}],"curies":[{"name":"wp","href":"https:\/\/api.w.org\/{rel}","templated":true}]}}