{"id":123,"date":"2026-04-27T14:43:49","date_gmt":"2026-04-27T12:43:49","guid":{"rendered":"https:\/\/wu-wei.pc-clock.com\/?page_id=123"},"modified":"2026-04-27T14:43:49","modified_gmt":"2026-04-27T12:43:49","slug":"wubuquan","status":"publish","type":"page","link":"https:\/\/wu-wei.pc-clock.com\/?page_id=123","title":{"rendered":"Wubuquan"},"content":{"rendered":"\n<p><strong>Wu Bu Quan<\/strong> zna\u010di \u201e\u0160aka pet stavova\u201c ili \u201e\u0160aka pet koraka\u201c i predstavlja temeljnu, vrlo va\u017enu po\u010detnu formu u kineskim borila\u010dkim vje\u0161tinama. Podu\u010dava pet najva\u017enijih osnovnih stavova (Ma Bu, Gong Bu, Xu Bu, Xie Bu, Pu Bu) kako bi se razvili snaga, ravnote\u017ea, koordinacija i osnova za slo\u017eenije tehnike. Slu\u017ei kao temeljno upori\u0161te u svim Kung Fu formama.<\/p>\n\n\n\n<p><strong>Ciljna skupina<\/strong><\/p>\n\n\n\n<p>Po\u010detnici do naprednih<\/p>\n\n\n\n<p><strong>Namijenjeno<\/strong><br>Borila\u010dkim umjetnicima i zainteresiranima za Kung Fu<\/p>\n\n\n\n<p>Djeca \/ mladi od 12 godina<\/p>\n\n\n\n<p>Wubuquan <strong>nije<\/strong> dio na\u0161eg Tai Chi treninga srijedom, ali se mo\u017ee <strong>zasebno rezervirati kao jednodnevni seminar<\/strong>!<\/p>\n\n\n\n<p><em>Link &#8220;Prijavi se&#8221;<\/em><\/p>\n","protected":false},"excerpt":{"rendered":"<p>Wu Bu Quan zna\u010di \u201e\u0160aka pet stavova\u201c ili \u201e\u0160aka pet koraka\u201c i predstavlja temeljnu, vrlo va\u017enu po\u010detnu formu u kineskim borila\u010dkim vje\u0161tinama. Podu\u010dava pet najva\u017enijih osnovnih stavova (Ma Bu, Gong Bu, Xu Bu, Xie Bu, Pu Bu) kako bi se razvili snaga, ravnote\u017ea, koordinacija i osnova za slo\u017eenije tehnike. Slu\u017ei kao temeljno upori\u0161te u svim [&hellip;]<\/p>\n","protected":false},"author":1,"featured_media":0,"parent":0,"menu_order":0,"comment_status":"closed","ping_status":"closed","template":"","meta":{"footnotes":""},"class_list":["post-123","page","type-page","status-publish","hentry"],"_links":{"self":[{"href":"https:\/\/wu-wei.pc-clock.com\/index.php?rest_route=\/wp\/v2\/pages\/123","targetHints":{"allow":["GET"]}}],"collection":[{"href":"https:\/\/wu-wei.pc-clock.com\/index.php?rest_route=\/wp\/v2\/pages"}],"about":[{"href":"https:\/\/wu-wei.pc-clock.com\/index.php?rest_route=\/wp\/v2\/types\/page"}],"author":[{"embeddable":true,"href":"https:\/\/wu-wei.pc-clock.com\/index.php?rest_route=\/wp\/v2\/users\/1"}],"replies":[{"embeddable":true,"href":"https:\/\/wu-wei.pc-clock.com\/index.php?rest_route=%2Fwp%2Fv2%2Fcomments&post=123"}],"version-history":[{"count":1,"href":"https:\/\/wu-wei.pc-clock.com\/index.php?rest_route=\/wp\/v2\/pages\/123\/revisions"}],"predecessor-version":[{"id":124,"href":"https:\/\/wu-wei.pc-clock.com\/index.php?rest_route=\/wp\/v2\/pages\/123\/revisions\/124"}],"wp:attachment":[{"href":"https:\/\/wu-wei.pc-clock.com\/index.php?rest_route=%2Fwp%2Fv2%2Fmedia&parent=123"}],"curies":[{"name":"wp","href":"https:\/\/api.w.org\/{rel}","templated":true}]}}