{"id":116,"date":"2026-04-27T14:37:01","date_gmt":"2026-04-27T12:37:01","guid":{"rendered":"https:\/\/wu-wei.pc-clock.com\/?page_id=116"},"modified":"2026-04-27T14:37:01","modified_gmt":"2026-04-27T12:37:01","slug":"shaolin-tai-chi","status":"publish","type":"page","link":"https:\/\/wu-wei.pc-clock.com\/?page_id=116","title":{"rendered":"Shaolin Tai Chi"},"content":{"rendered":"\n<p><strong>Ciljna skupina<\/strong><\/p>\n\n\n\n<p>Po\u010detnici do naprednih<\/p>\n\n\n\n<p><strong>Namijenjeno<\/strong><br>Borila\u010dkim umjetnicima, osobama pod stresom i zdravstveno osvije\u0161tenim ljudima<br>Djeca \/ mladi od 12 godina<\/p>\n\n\n\n<p>Shaolin Tai Chi <strong>nije<\/strong> dio na\u0161eg Tai Chi treninga srijedom, ali se mo\u017ee <strong>zasebno rezervirati kao seminar u vi\u0161e blokova<\/strong>!<\/p>\n\n\n\n<p><em>Link &#8220;Prijavi se&#8221;<\/em><\/p>\n","protected":false},"excerpt":{"rendered":"<p>Ciljna skupina Po\u010detnici do naprednih NamijenjenoBorila\u010dkim umjetnicima, osobama pod stresom i zdravstveno osvije\u0161tenim ljudimaDjeca \/ mladi od 12 godina Shaolin Tai Chi nije dio na\u0161eg Tai Chi treninga srijedom, ali se mo\u017ee zasebno rezervirati kao seminar u vi\u0161e blokova! Link &#8220;Prijavi se&#8221;<\/p>\n","protected":false},"author":1,"featured_media":0,"parent":0,"menu_order":0,"comment_status":"closed","ping_status":"closed","template":"","meta":{"footnotes":""},"class_list":["post-116","page","type-page","status-publish","hentry"],"_links":{"self":[{"href":"https:\/\/wu-wei.pc-clock.com\/index.php?rest_route=\/wp\/v2\/pages\/116","targetHints":{"allow":["GET"]}}],"collection":[{"href":"https:\/\/wu-wei.pc-clock.com\/index.php?rest_route=\/wp\/v2\/pages"}],"about":[{"href":"https:\/\/wu-wei.pc-clock.com\/index.php?rest_route=\/wp\/v2\/types\/page"}],"author":[{"embeddable":true,"href":"https:\/\/wu-wei.pc-clock.com\/index.php?rest_route=\/wp\/v2\/users\/1"}],"replies":[{"embeddable":true,"href":"https:\/\/wu-wei.pc-clock.com\/index.php?rest_route=%2Fwp%2Fv2%2Fcomments&post=116"}],"version-history":[{"count":1,"href":"https:\/\/wu-wei.pc-clock.com\/index.php?rest_route=\/wp\/v2\/pages\/116\/revisions"}],"predecessor-version":[{"id":117,"href":"https:\/\/wu-wei.pc-clock.com\/index.php?rest_route=\/wp\/v2\/pages\/116\/revisions\/117"}],"wp:attachment":[{"href":"https:\/\/wu-wei.pc-clock.com\/index.php?rest_route=%2Fwp%2Fv2%2Fmedia&parent=116"}],"curies":[{"name":"wp","href":"https:\/\/api.w.org\/{rel}","templated":true}]}}