{"id":113,"date":"2026-04-27T14:36:14","date_gmt":"2026-04-27T12:36:14","guid":{"rendered":"https:\/\/wu-wei.pc-clock.com\/?page_id=113"},"modified":"2026-04-27T14:36:15","modified_gmt":"2026-04-27T12:36:15","slug":"san-shou-partnerska-forma-24","status":"publish","type":"page","link":"https:\/\/wu-wei.pc-clock.com\/?page_id=113","title":{"rendered":"San Shou \u2013 partnerska forma 24"},"content":{"rendered":"\n<p>Partnerske forme u Tai Chi Quanu posebne su vje\u017ebe u paru koje produbljuju razumijevanje principa kroz uskla\u0111ivanje vlastitih pokreta s povratnom informacijom partnera. Uklju\u010duju slo\u017eenije primjene poput, kako bi se dinami\u010dno trenirali snaga, ravnote\u017ea i aspekti samoobrane \u2013 bez natjecateljskog razmi\u0161ljanja, ali s naglaskom na me\u0111usobnu pomo\u0107 i usavr\u0161avanje tehnike.<\/p>\n\n\n\n<p><strong>Ciljna skupina<\/strong><\/p>\n\n\n\n<p>Potrebno je prethodno iskustvo u 24-formi<\/p>\n\n\n\n<p>San Shou forma je sastavni dio na\u0161eg Tai Chi treninga srijedom, ali se mo\u017ee <strong>zasebno rezervirati kao seminarski blok 1 \/ 24-forma (1\u201312)<\/strong> i <strong>seminarski blok 2 \/ 24-forma (12\u201324)<\/strong>.<\/p>\n\n\n\n<p><em>Link &#8220;Prijavi se&#8221;<\/em><\/p>\n","protected":false},"excerpt":{"rendered":"<p>Partnerske forme u Tai Chi Quanu posebne su vje\u017ebe u paru koje produbljuju razumijevanje principa kroz uskla\u0111ivanje vlastitih pokreta s povratnom informacijom partnera. Uklju\u010duju slo\u017eenije primjene poput, kako bi se dinami\u010dno trenirali snaga, ravnote\u017ea i aspekti samoobrane \u2013 bez natjecateljskog razmi\u0161ljanja, ali s naglaskom na me\u0111usobnu pomo\u0107 i usavr\u0161avanje tehnike. Ciljna skupina Potrebno je prethodno [&hellip;]<\/p>\n","protected":false},"author":1,"featured_media":0,"parent":0,"menu_order":0,"comment_status":"closed","ping_status":"closed","template":"","meta":{"footnotes":""},"class_list":["post-113","page","type-page","status-publish","hentry"],"_links":{"self":[{"href":"https:\/\/wu-wei.pc-clock.com\/index.php?rest_route=\/wp\/v2\/pages\/113","targetHints":{"allow":["GET"]}}],"collection":[{"href":"https:\/\/wu-wei.pc-clock.com\/index.php?rest_route=\/wp\/v2\/pages"}],"about":[{"href":"https:\/\/wu-wei.pc-clock.com\/index.php?rest_route=\/wp\/v2\/types\/page"}],"author":[{"embeddable":true,"href":"https:\/\/wu-wei.pc-clock.com\/index.php?rest_route=\/wp\/v2\/users\/1"}],"replies":[{"embeddable":true,"href":"https:\/\/wu-wei.pc-clock.com\/index.php?rest_route=%2Fwp%2Fv2%2Fcomments&post=113"}],"version-history":[{"count":1,"href":"https:\/\/wu-wei.pc-clock.com\/index.php?rest_route=\/wp\/v2\/pages\/113\/revisions"}],"predecessor-version":[{"id":114,"href":"https:\/\/wu-wei.pc-clock.com\/index.php?rest_route=\/wp\/v2\/pages\/113\/revisions\/114"}],"wp:attachment":[{"href":"https:\/\/wu-wei.pc-clock.com\/index.php?rest_route=%2Fwp%2Fv2%2Fmedia&parent=113"}],"curies":[{"name":"wp","href":"https:\/\/api.w.org\/{rel}","templated":true}]}}