{"id":106,"date":"2026-04-27T14:32:37","date_gmt":"2026-04-27T12:32:37","guid":{"rendered":"https:\/\/wu-wei.pc-clock.com\/?page_id=106"},"modified":"2026-04-27T14:33:02","modified_gmt":"2026-04-27T12:33:02","slug":"nei-gong","status":"publish","type":"page","link":"https:\/\/wu-wei.pc-clock.com\/?page_id=106","title":{"rendered":"Nei gong"},"content":{"rendered":"\n<p><strong>Nei Gong<\/strong> (unutarnji rad) u Tai Chiju je praksa kultiviranja unutarnje energije (Qi) kroz meditativne tehnike, ciljane vje\u017ebe disanja i specifi\u010dne pokrete, s ciljem dubinskog uskla\u0111ivanja tijela, uma i energije, otpu\u0161tanja blokada te izgradnje zdravlja i unutarnje snage. Predstavlja temeljni dio unutarnjih borila\u010dkih vje\u0161tina i znatno pove\u0107ava u\u010dinkovitost Tai Chija i Qigonga. Fokusiran je na <strong>tri blaga<\/strong>: <em>Jing<\/em> (esenciju), <em>Qi<\/em> (energiju) i <em>Shen<\/em> (svijest).<\/p>\n\n\n\n<p><strong>Ciljna skupina<\/strong><\/p>\n\n\n\n<p>Po\u010detnici do naprednih<\/p>\n\n\n\n<p><strong>Namijenjeno<\/strong><br>Borila\u010dkim umjetnicima, osobama pod stresom i zdravstveno osvije\u0161tenim ljudima<\/p>\n\n\n\n<p>Nei Gong je sastavni dio na\u0161eg Tai Chi treninga srijedom i mo\u017ee se <strong>zasebno rezervirati kao jednodnevni seminar<\/strong><strong>!<\/strong><\/p>\n\n\n\n<p><em>Link &#8220;Prijavi se&#8221;<\/em><\/p>\n","protected":false},"excerpt":{"rendered":"<p>Nei Gong (unutarnji rad) u Tai Chiju je praksa kultiviranja unutarnje energije (Qi) kroz meditativne tehnike, ciljane vje\u017ebe disanja i specifi\u010dne pokrete, s ciljem dubinskog uskla\u0111ivanja tijela, uma i energije, otpu\u0161tanja blokada te izgradnje zdravlja i unutarnje snage. Predstavlja temeljni dio unutarnjih borila\u010dkih vje\u0161tina i znatno pove\u0107ava u\u010dinkovitost Tai Chija i Qigonga. Fokusiran je na [&hellip;]<\/p>\n","protected":false},"author":1,"featured_media":0,"parent":0,"menu_order":0,"comment_status":"closed","ping_status":"closed","template":"","meta":{"footnotes":""},"class_list":["post-106","page","type-page","status-publish","hentry"],"_links":{"self":[{"href":"https:\/\/wu-wei.pc-clock.com\/index.php?rest_route=\/wp\/v2\/pages\/106","targetHints":{"allow":["GET"]}}],"collection":[{"href":"https:\/\/wu-wei.pc-clock.com\/index.php?rest_route=\/wp\/v2\/pages"}],"about":[{"href":"https:\/\/wu-wei.pc-clock.com\/index.php?rest_route=\/wp\/v2\/types\/page"}],"author":[{"embeddable":true,"href":"https:\/\/wu-wei.pc-clock.com\/index.php?rest_route=\/wp\/v2\/users\/1"}],"replies":[{"embeddable":true,"href":"https:\/\/wu-wei.pc-clock.com\/index.php?rest_route=%2Fwp%2Fv2%2Fcomments&post=106"}],"version-history":[{"count":2,"href":"https:\/\/wu-wei.pc-clock.com\/index.php?rest_route=\/wp\/v2\/pages\/106\/revisions"}],"predecessor-version":[{"id":108,"href":"https:\/\/wu-wei.pc-clock.com\/index.php?rest_route=\/wp\/v2\/pages\/106\/revisions\/108"}],"wp:attachment":[{"href":"https:\/\/wu-wei.pc-clock.com\/index.php?rest_route=%2Fwp%2Fv2%2Fmedia&parent=106"}],"curies":[{"name":"wp","href":"https:\/\/api.w.org\/{rel}","templated":true}]}}